{"id":47,"date":"2023-09-19T04:39:55","date_gmt":"2023-09-19T04:39:55","guid":{"rendered":"https:\/\/demoapus1.com\/boxcar\/?page_id=47"},"modified":"2026-02-24T11:45:41","modified_gmt":"2026-02-24T11:45:41","slug":"about-us","status":"publish","type":"page","link":"https:\/\/imperiocars.ie\/pt\/about-us\/","title":{"rendered":"Quem somos"},"content":{"rendered":"<div data-elementor-type=\"wp-page\" data-elementor-id=\"47\" class=\"elementor elementor-47\">\n\t\t\t\t<div class=\"elementor-element elementor-element-991b9cd e-flex e-con-boxed elementor-invisible e-con e-parent\" data-id=\"991b9cd\" data-element_type=\"container\" data-e-type=\"container\" data-settings=\"{&quot;animation&quot;:&quot;slide-up&quot;}\">\n\t\t\t\t\t<div class=\"e-con-inner\">\n\t\t<div class=\"elementor-element elementor-element-2a2b4ae e-con-full e-flex e-con e-child\" data-id=\"2a2b4ae\" data-element_type=\"container\" data-e-type=\"container\">\n\t\t\t\t<div class=\"elementor-element elementor-element-a8e3415 elementor-widget elementor-widget-heading\" data-id=\"a8e3415\" data-element_type=\"widget\" data-e-type=\"widget\" data-widget_type=\"heading.default\">\n\t\t\t\t\t<h2 class=\"elementor-heading-title elementor-size-default\">Valorizamos nossos clientes\npara que eles tenham\numa \u00f3tima experi\u00eancia<\/h2>\t\t\t\t<\/div>\n\t\t\t\t<\/div>\n\t\t<div class=\"elementor-element elementor-element-7bacf96 e-con-full e-flex e-con e-child\" data-id=\"7bacf96\" data-element_type=\"container\" data-e-type=\"container\">\n\t\t\t\t<div class=\"elementor-element elementor-element-f8ddac0 elementor-widget elementor-widget-text-editor\" data-id=\"f8ddac0\" data-element_type=\"widget\" data-e-type=\"widget\" data-widget_type=\"text-editor.default\">\n\t\t\t\t\t\t\t\t\t<p>Na nossa concession\u00e1ria, comprar um ve\u00edculo \u00e9 mais do que apenas uma transa\u00e7\u00e3o. \u00c9 uma jornada, e estamos aqui para torn\u00e1-la tranquila, transparente e agrad\u00e1vel do in\u00edcio ao fim.<\/p>\t\t\t\t\t\t\t\t<\/div>\n\t\t\t\t<div class=\"elementor-element elementor-element-99ce60e elementor-widget elementor-widget-text-editor\" data-id=\"99ce60e\" data-element_type=\"widget\" data-e-type=\"widget\" data-widget_type=\"text-editor.default\">\n\t\t\t\t\t\t\t\t\t<p>Fomos fundados com uma miss\u00e3o simples: oferecer ve\u00edculos de alta qualidade combinados com um atendimento ao cliente excepcional.\nCada carro do nosso estoque \u00e9 cuidadosamente selecionado e inspecionado para garantir seguran\u00e7a, confiabilidade e excelente desempenho.\nAcreditamos que nossos clientes merecem tranquilidade ao fazer um investimento t\u00e3o importante.<\/p>\t\t\t\t\t\t\t\t<\/div>\n\t\t\t\t<div class=\"elementor-element elementor-element-77af55f elementor-widget elementor-widget-text-editor\" data-id=\"77af55f\" data-element_type=\"widget\" data-e-type=\"widget\" data-widget_type=\"text-editor.default\">\n\t\t\t\t\t\t\t\t\t<p>Nossa equipe \u00e9 apaixonada por autom\u00f3veis e est\u00e1 comprometida em entender suas necessidades \u00fanicas.\nSeja voc\u00ea algu\u00e9m em busca do primeiro carro, querendo trocar por um modelo mais novo ou procurando o ve\u00edculo ideal para a fam\u00edlia, estamos prontos para orient\u00e1-lo em cada etapa do processo.<\/p>\t\t\t\t\t\t\t\t<\/div>\n\t\t\t\t<\/div>\n\t\t\t\t\t<\/div>\n\t\t\t\t<\/div>\n\t\t<div class=\"elementor-element elementor-element-0598b78 e-flex e-con-boxed elementor-invisible e-con e-parent\" data-id=\"0598b78\" data-element_type=\"container\" data-e-type=\"container\" data-settings=\"{&quot;animation&quot;:&quot;slide-up&quot;}\">\n\t\t\t\t\t<div class=\"e-con-inner\">\n\t\t<div class=\"elementor-element elementor-element-f32be36 e-con-full e-flex e-con e-child\" data-id=\"f32be36\" data-element_type=\"container\" data-e-type=\"container\">\n\t\t<div class=\"elementor-element elementor-element-22701ef e-con-full e-flex e-con e-child\" data-id=\"22701ef\" data-element_type=\"container\" data-e-type=\"container\" data-settings=\"{&quot;background_background&quot;:&quot;classic&quot;}\">\n\t\t\t\t<div class=\"elementor-element elementor-element-21d6c23 elementor-widget elementor-widget-heading\" data-id=\"21d6c23\" data-element_type=\"widget\" data-e-type=\"widget\" data-widget_type=\"heading.default\">\n\t\t\t\t\t<h2 class=\"elementor-heading-title elementor-size-default\">Profissionais \nExperientes\ndo \nSetor Automotivo<\/h2>\t\t\t\t<\/div>\n\t\t\t\t<\/div>\n\t\t\t\t<div class=\"elementor-element elementor-element-85dde02 elementor-widget-mobile__width-initial elementor-widget elementor-widget-image\" data-id=\"85dde02\" data-element_type=\"widget\" data-e-type=\"widget\" data-widget_type=\"image.default\">\n\t\t\t\t\t\t\t\t\t\t\t\t\t\t\t\t<a href=\"#\">\n\t\t\t\t\t\t\t<img decoding=\"async\" width=\"210\" height=\"210\" src=\"https:\/\/imperiocars.ie\/wp-content\/uploads\/2023\/10\/g1.jpg\" class=\"attachment-full size-full wp-image-1678\" alt=\"\" srcset=\"https:\/\/imperiocars.ie\/wp-content\/uploads\/2023\/10\/g1.jpg 210w, https:\/\/imperiocars.ie\/wp-content\/uploads\/2023\/10\/g1-150x150.jpg 150w, https:\/\/imperiocars.ie\/wp-content\/uploads\/2023\/10\/g1-12x12.jpg 12w\" sizes=\"(max-width: 210px) 100vw, 210px\" \/>\t\t\t\t\t\t\t\t<\/a>\n\t\t\t\t\t\t\t\t\t\t\t\t\t\t\t<\/div>\n\t\t\t\t<\/div>\n\t\t<div class=\"elementor-element elementor-element-2448037 e-con-full e-flex e-con e-child\" data-id=\"2448037\" data-element_type=\"container\" data-e-type=\"container\">\n\t\t\t\t<div class=\"elementor-element elementor-element-6020646 elementor-widget elementor-widget-image\" data-id=\"6020646\" data-element_type=\"widget\" data-e-type=\"widget\" data-widget_type=\"image.default\">\n\t\t\t\t\t\t\t\t\t\t\t\t\t\t\t\t<a href=\"#\">\n\t\t\t\t\t\t\t<img fetchpriority=\"high\" decoding=\"async\" width=\"567\" height=\"540\" src=\"https:\/\/imperiocars.ie\/wp-content\/uploads\/2023\/10\/g2.jpg\" class=\"attachment-full size-full wp-image-1682\" alt=\"\" srcset=\"https:\/\/imperiocars.ie\/wp-content\/uploads\/2023\/10\/g2.jpg 567w, https:\/\/imperiocars.ie\/wp-content\/uploads\/2023\/10\/g2-300x286.jpg 300w, https:\/\/imperiocars.ie\/wp-content\/uploads\/2023\/10\/g2-13x12.jpg 13w\" sizes=\"(max-width: 567px) 100vw, 567px\" \/>\t\t\t\t\t\t\t\t<\/a>\n\t\t\t\t\t\t\t\t\t\t\t\t\t\t\t<\/div>\n\t\t\t\t<\/div>\n\t\t<div class=\"elementor-element elementor-element-c3c205f e-con-full e-flex e-con e-child\" data-id=\"c3c205f\" data-element_type=\"container\" data-e-type=\"container\">\n\t\t\t\t<div class=\"elementor-element elementor-element-aa89806 elementor-widget elementor-widget-image\" data-id=\"aa89806\" data-element_type=\"widget\" data-e-type=\"widget\" data-widget_type=\"image.default\">\n\t\t\t\t\t\t\t\t\t\t\t\t\t\t\t\t<a href=\"#\">\n\t\t\t\t\t\t\t<img decoding=\"async\" width=\"567\" height=\"300\" src=\"https:\/\/imperiocars.ie\/wp-content\/uploads\/2023\/10\/g3.jpg\" class=\"attachment-full size-full wp-image-1689\" alt=\"\" srcset=\"https:\/\/imperiocars.ie\/wp-content\/uploads\/2023\/10\/g3.jpg 567w, https:\/\/imperiocars.ie\/wp-content\/uploads\/2023\/10\/g3-300x159.jpg 300w, https:\/\/imperiocars.ie\/wp-content\/uploads\/2023\/10\/g3-18x10.jpg 18w\" sizes=\"(max-width: 567px) 100vw, 567px\" \/>\t\t\t\t\t\t\t\t<\/a>\n\t\t\t\t\t\t\t\t\t\t\t\t\t\t\t<\/div>\n\t\t<div class=\"elementor-element elementor-element-02d2f41 e-flex e-con-boxed e-con e-child\" data-id=\"02d2f41\" data-element_type=\"container\" data-e-type=\"container\">\n\t\t\t\t\t<div class=\"e-con-inner\">\n\t\t\t\t<div class=\"elementor-element elementor-element-bb8377e elementor-widget-mobile__width-initial elementor-widget elementor-widget-image\" data-id=\"bb8377e\" data-element_type=\"widget\" data-e-type=\"widget\" data-widget_type=\"image.default\">\n\t\t\t\t\t\t\t\t\t\t\t\t\t\t\t\t<a href=\"#\">\n\t\t\t\t\t\t\t<img loading=\"lazy\" decoding=\"async\" width=\"210\" height=\"210\" src=\"https:\/\/imperiocars.ie\/wp-content\/uploads\/2023\/10\/g4.jpg\" class=\"attachment-full size-full wp-image-1690\" alt=\"\" srcset=\"https:\/\/imperiocars.ie\/wp-content\/uploads\/2023\/10\/g4.jpg 210w, https:\/\/imperiocars.ie\/wp-content\/uploads\/2023\/10\/g4-150x150.jpg 150w, https:\/\/imperiocars.ie\/wp-content\/uploads\/2023\/10\/g4-12x12.jpg 12w\" sizes=\"(max-width: 210px) 100vw, 210px\" \/>\t\t\t\t\t\t\t\t<\/a>\n\t\t\t\t\t\t\t\t\t\t\t\t\t\t\t<\/div>\n\t\t\t\t<div class=\"elementor-element elementor-element-6956751 elementor-widget-mobile__width-initial elementor-widget elementor-widget-image\" data-id=\"6956751\" data-element_type=\"widget\" data-e-type=\"widget\" data-widget_type=\"image.default\">\n\t\t\t\t\t\t\t\t\t\t\t\t\t\t\t\t<a href=\"#\">\n\t\t\t\t\t\t\t<img loading=\"lazy\" decoding=\"async\" width=\"329\" height=\"210\" src=\"https:\/\/imperiocars.ie\/wp-content\/uploads\/2023\/10\/g5.jpg\" class=\"attachment-full size-full wp-image-1691\" alt=\"\" srcset=\"https:\/\/imperiocars.ie\/wp-content\/uploads\/2023\/10\/g5.jpg 329w, https:\/\/imperiocars.ie\/wp-content\/uploads\/2023\/10\/g5-300x191.jpg 300w, https:\/\/imperiocars.ie\/wp-content\/uploads\/2023\/10\/g5-18x12.jpg 18w\" sizes=\"(max-width: 329px) 100vw, 329px\" \/>\t\t\t\t\t\t\t\t<\/a>\n\t\t\t\t\t\t\t\t\t\t\t\t\t\t\t<\/div>\n\t\t\t\t\t<\/div>\n\t\t\t\t<\/div>\n\t\t\t\t<\/div>\n\t\t\t\t\t<\/div>\n\t\t\t\t<\/div>\n\t\t<div class=\"elementor-element elementor-element-2ea2b5e e-flex e-con-boxed elementor-invisible e-con e-parent\" data-id=\"2ea2b5e\" data-element_type=\"container\" data-e-type=\"container\" data-settings=\"{&quot;animation&quot;:&quot;slide-up&quot;}\">\n\t\t\t\t\t<div class=\"e-con-inner\">\n\t\t<div class=\"elementor-element elementor-element-bc27d47 e-con-full e-flex e-con e-child\" data-id=\"bc27d47\" data-element_type=\"container\" data-e-type=\"container\">\n\t\t\t\t<div class=\"elementor-element elementor-element-aae6f4d elementor-widget elementor-widget-heading\" data-id=\"aae6f4d\" data-element_type=\"widget\" data-e-type=\"widget\" data-widget_type=\"heading.default\">\n\t\t\t\t\t<h2 class=\"elementor-heading-title elementor-size-default\">Por que somos a melhor escolha?<\/h2>\t\t\t\t<\/div>\n\t\t\t\t<div class=\"elementor-element elementor-element-830e856 elementor-widget elementor-widget-apus_element_features_box\" data-id=\"830e856\" data-element_type=\"widget\" data-e-type=\"widget\" data-settings=\"{&quot;columns&quot;:4}\" data-widget_type=\"apus_element_features_box.default\">\n\t\t\t\t<div class=\"elementor-widget-container\">\n\t\t\t\t\t            <div class=\"widget-features-box\">\n                  \n                    <div class=\"row\">\n                                                    <div class=\"item col-xl-3 col-md-6 col-12\">\n                                <div class=\"item-features-inner l-grid style1\">\n                                     <div class=\"top-inner\">\n                                                                                <div class=\"features-box-image img\"><img loading=\"lazy\" decoding=\"async\" width=\"60\" height=\"60\" src=\"https:\/\/imperiocars.ie\/wp-content\/uploads\/2023\/10\/f1.svg\" class=\"attachment-full size-full wp-image-1881\" alt=\"\" \/><\/div><\/div><div class=\"features-box-content\"><h3 class=\"title\">Ofertas especiais de financiamento<\/h3><div class=\"description\">Contamos com um departamento financeiro preparado para encontrar solu\u00e7\u00f5es que reduzem seus custos.<\/div><\/div>\n                                <\/div>\n                            <\/div>\n                                                    <div class=\"item col-xl-3 col-md-6 col-12\">\n                                <div class=\"item-features-inner l-grid style1\">\n                                     <div class=\"top-inner\">\n                                                                                <div class=\"features-box-image img\"><img loading=\"lazy\" decoding=\"async\" width=\"60\" height=\"60\" src=\"https:\/\/imperiocars.ie\/wp-content\/uploads\/2023\/09\/f2.svg\" class=\"attachment-full size-full wp-image-179\" alt=\"\" \/><\/div><\/div><div class=\"features-box-content\"><h3 class=\"title\">Revendedora de ve\u00edculos de confian\u00e7a<\/h3><div class=\"description\">Contamos com um departamento financeiro preparado para encontrar solu\u00e7\u00f5es que reduzem seus custos.<\/div><\/div>\n                                <\/div>\n                            <\/div>\n                                                    <div class=\"item col-xl-3 col-md-6 col-12\">\n                                <div class=\"item-features-inner l-grid style1\">\n                                     <div class=\"top-inner\">\n                                                                                <div class=\"features-box-image img\"><img loading=\"lazy\" decoding=\"async\" width=\"60\" height=\"60\" src=\"https:\/\/imperiocars.ie\/wp-content\/uploads\/2023\/09\/f3.svg\" class=\"attachment-full size-full wp-image-180\" alt=\"\" \/><\/div><\/div><div class=\"features-box-content\"><h3 class=\"title\">Transpar\u00eancia nos pre\u00e7os<\/h3><div class=\"description\">Contamos com um departamento financeiro preparado para encontrar solu\u00e7\u00f5es que reduzem seus custos.<\/div><\/div>\n                                <\/div>\n                            <\/div>\n                                                    <div class=\"item col-xl-3 col-md-6 col-12\">\n                                <div class=\"item-features-inner l-grid style1\">\n                                     <div class=\"top-inner\">\n                                                                                <div class=\"features-box-image img\"><img loading=\"lazy\" decoding=\"async\" width=\"60\" height=\"60\" src=\"https:\/\/imperiocars.ie\/wp-content\/uploads\/2023\/09\/f4.svg\" class=\"attachment-full size-full wp-image-181\" alt=\"\" \/><\/div><\/div><div class=\"features-box-content\"><h3 class=\"title\">Servi\u00e7o especializado em carros<\/h3><div class=\"description\">Contamos com um departamento financeiro preparado para encontrar solu\u00e7\u00f5es que reduzem seus custos.<\/div><\/div>\n                                <\/div>\n                            <\/div>\n                                            <\/div>\n                            <\/div>\n            \t\t\t\t<\/div>\n\t\t\t\t<\/div>\n\t\t\t\t<\/div>\n\t\t\t\t\t<\/div>\n\t\t\t\t<\/div>\n\t\t<div class=\"elementor-element elementor-element-95c5c5f e-flex e-con-boxed e-con e-parent\" data-id=\"95c5c5f\" data-element_type=\"container\" data-e-type=\"container\">\n\t\t\t\t\t<div class=\"e-con-inner\">\n\t\t<div class=\"elementor-element elementor-element-b0c79b3 e-con-full e-flex e-con e-child\" data-id=\"b0c79b3\" data-element_type=\"container\" data-e-type=\"container\">\n\t\t\t\t<div class=\"elementor-element elementor-element-0de3b7c elementor-widget elementor-widget-spacer\" data-id=\"0de3b7c\" data-element_type=\"widget\" data-e-type=\"widget\" data-widget_type=\"spacer.default\">\n\t\t\t\t\t\t\t<div class=\"elementor-spacer\">\n\t\t\t<div class=\"elementor-spacer-inner\"><\/div>\n\t\t<\/div>\n\t\t\t\t\t\t<\/div>\n\t\t\t\t<\/div>\n\t\t\t\t\t<\/div>\n\t\t\t\t<\/div>\n\t\t<div class=\"elementor-element elementor-element-d34eba5 e-flex e-con-boxed elementor-invisible e-con e-parent\" data-id=\"d34eba5\" data-element_type=\"container\" data-e-type=\"container\" data-settings=\"{&quot;animation&quot;:&quot;slide-up&quot;}\">\n\t\t\t\t\t<div class=\"e-con-inner\">\n\t\t<div class=\"elementor-element elementor-element-8b0ac56 e-con-full e-flex e-con e-child\" data-id=\"8b0ac56\" data-element_type=\"container\" data-e-type=\"container\">\n\t\t\t\t<\/div>\n\t\t<div class=\"elementor-element elementor-element-e4f46be e-con-full e-flex e-con e-child\" data-id=\"e4f46be\" data-element_type=\"container\" data-e-type=\"container\">\n\t\t\t\t<\/div>\n\t\t\t\t\t<\/div>\n\t\t\t\t<\/div>\n\t\t<div class=\"elementor-element elementor-element-8788b79 e-flex e-con-boxed elementor-invisible e-con e-parent\" data-id=\"8788b79\" data-element_type=\"container\" data-e-type=\"container\" data-settings=\"{&quot;animation&quot;:&quot;slide-up&quot;}\">\n\t\t\t\t\t<div class=\"e-con-inner\">\n\t\t<div class=\"elementor-element elementor-element-da93cbd e-con-full e-flex e-con e-child\" data-id=\"da93cbd\" data-element_type=\"container\" data-e-type=\"container\">\n\t\t\t\t<\/div>\n\t\t\t\t\t<\/div>\n\t\t\t\t<\/div>\n\t\t<div class=\"elementor-element elementor-element-0ca30ab e-flex e-con-boxed elementor-invisible e-con e-parent\" data-id=\"0ca30ab\" data-element_type=\"container\" data-e-type=\"container\" data-settings=\"{&quot;animation&quot;:&quot;slide-up&quot;}\">\n\t\t\t\t\t<div class=\"e-con-inner\">\n\t\t<div class=\"elementor-element elementor-element-e39b850 e-con-full e-flex e-con e-child\" data-id=\"e39b850\" data-element_type=\"container\" data-e-type=\"container\">\n\t\t\t\t<\/div>\n\t\t\t\t\t<\/div>\n\t\t\t\t<\/div>\n\t\t\t\t<\/div>","protected":false},"excerpt":{"rendered":"<p>We Value Our Clients And Want Them To Have A Nice Experience At our dealership, buying a vehicle is more than just a transaction \u2014 it\u2019s a journey, and we are here to make it smooth, transparent, and enjoyable from start to finish. We were founded with a simple mission: to offer high-quality vehicles combined [&hellip;]<\/p>","protected":false},"author":1,"featured_media":0,"parent":0,"menu_order":0,"comment_status":"closed","ping_status":"closed","template":"","meta":{"_monsterinsights_skip_tracking":false,"_monsterinsights_sitenote_active":false,"_monsterinsights_sitenote_note":"","_monsterinsights_sitenote_category":0,"footnotes":""},"class_list":["post-47","page","type-page","status-publish","hentry"],"aioseo_notices":[],"_links":{"self":[{"href":"https:\/\/imperiocars.ie\/pt\/wp-json\/wp\/v2\/pages\/47","targetHints":{"allow":["GET"]}}],"collection":[{"href":"https:\/\/imperiocars.ie\/pt\/wp-json\/wp\/v2\/pages"}],"about":[{"href":"https:\/\/imperiocars.ie\/pt\/wp-json\/wp\/v2\/types\/page"}],"author":[{"embeddable":true,"href":"https:\/\/imperiocars.ie\/pt\/wp-json\/wp\/v2\/users\/1"}],"replies":[{"embeddable":true,"href":"https:\/\/imperiocars.ie\/pt\/wp-json\/wp\/v2\/comments?post=47"}],"version-history":[{"count":19,"href":"https:\/\/imperiocars.ie\/pt\/wp-json\/wp\/v2\/pages\/47\/revisions"}],"predecessor-version":[{"id":6916,"href":"https:\/\/imperiocars.ie\/pt\/wp-json\/wp\/v2\/pages\/47\/revisions\/6916"}],"wp:attachment":[{"href":"https:\/\/imperiocars.ie\/pt\/wp-json\/wp\/v2\/media?parent=47"}],"curies":[{"name":"wp","href":"https:\/\/api.w.org\/{rel}","templated":true}]}}